{"id":22,"date":"2011-11-28T14:14:00","date_gmt":"2011-11-28T14:14:00","guid":{"rendered":"http:\/\/finlandsbloggen.se\/?page_id=22"},"modified":"2011-12-02T08:13:10","modified_gmt":"2011-12-02T08:13:10","slug":"om-finlandsbloggen","status":"publish","type":"page","link":"https:\/\/finlandsbloggen.se\/?page_id=22","title":{"rendered":"Om Finlandsbloggen"},"content":{"rendered":"<p>Finlandsbloggens syfte \u00e4r att bland svenskar i allm\u00e4nhet, och g\u00f6teborgare i synnerhet, v\u00e4cka ett intresse f\u00f6r Finland.<\/p>\n<p>&nbsp;<\/p>\n","protected":false},"excerpt":{"rendered":"<p>Finlandsbloggens syfte \u00e4r att bland svenskar i allm\u00e4nhet, och g\u00f6teborgare i synnerhet, v\u00e4cka ett intresse f\u00f6r Finland. &nbsp;<\/p>\n","protected":false},"author":1,"featured_media":0,"parent":0,"menu_order":0,"comment_status":"open","ping_status":"open","template":"","meta":[],"_links":{"self":[{"href":"https:\/\/finlandsbloggen.se\/index.php?rest_route=\/wp\/v2\/pages\/22"}],"collection":[{"href":"https:\/\/finlandsbloggen.se\/index.php?rest_route=\/wp\/v2\/pages"}],"about":[{"href":"https:\/\/finlandsbloggen.se\/index.php?rest_route=\/wp\/v2\/types\/page"}],"author":[{"embeddable":true,"href":"https:\/\/finlandsbloggen.se\/index.php?rest_route=\/wp\/v2\/users\/1"}],"replies":[{"embeddable":true,"href":"https:\/\/finlandsbloggen.se\/index.php?rest_route=%2Fwp%2Fv2%2Fcomments&post=22"}],"version-history":[{"count":4,"href":"https:\/\/finlandsbloggen.se\/index.php?rest_route=\/wp\/v2\/pages\/22\/revisions"}],"predecessor-version":[{"id":60,"href":"https:\/\/finlandsbloggen.se\/index.php?rest_route=\/wp\/v2\/pages\/22\/revisions\/60"}],"wp:attachment":[{"href":"https:\/\/finlandsbloggen.se\/index.php?rest_route=%2Fwp%2Fv2%2Fmedia&parent=22"}],"curies":[{"name":"wp","href":"https:\/\/api.w.org\/{rel}","templated":true}]}}