{"id":40,"date":"2011-12-01T15:06:10","date_gmt":"2011-12-01T15:06:10","guid":{"rendered":"http:\/\/finlandsbloggen.se\/?page_id=40"},"modified":"2023-10-23T15:07:51","modified_gmt":"2023-10-23T15:07:51","slug":"finlandslankar","status":"publish","type":"page","link":"http:\/\/finlandsbloggen.se\/?page_id=40","title":{"rendered":"Finlandsl\u00e4nkar"},"content":{"rendered":"<ul>\n<li><a href=\"https:\/\/www.infofinland.fi\/sv\/moving-to-finland\">Flytta till Finland?<\/a><\/li>\n<li><a href=\"http:\/\/finsve.com\/index.php\/sv\">Finsk-Svenska Handelskammaren<\/a><\/li>\n<li><a href=\"http:\/\/www.tpk.fi\/public\/default.aspx?culture=sv-FI&amp;contentlan=3\">Republiken Finlands president<\/a><\/li>\n<li><a href=\"https:\/\/www.folktinget.fi\/sv\/start\/\">Svenska Finlands Folkting<\/a><\/li>\n<li><a href=\"http:\/\/www.aland.ax\/\">Det offentliga \u00c5land<\/a><\/li>\n<li><a href=\"http:\/\/www.kulturfonden.net\/\">Kulturfonden f\u00f6r Sverige och Finland<\/a><\/li>\n<li><a href=\"http:\/\/www.hanaholmen.fi\/sv\/om-hanaholmen\/presentation\">Hanaholmen<\/a><\/li>\n<li><a href=\"http:\/\/www.markesaret1809.se\/\">M\u00e4rkes\u00e5ret 1809<\/a><\/li>\n<li><a href=\"https:\/\/www.obotnia.fi\/\">\u00d6sterbotten<\/a><\/li>\n<li><a href=\"https:\/\/www.svt.se\/nyheter\/uutiset\/svenska\/sveriges-sista-forening-for-krigsbarn-laggs-ner-stolthet-och-vemod\">Riksf\u00f6rbundet Finska Krigsbarn<\/a><\/li>\n<li><a href=\"https:\/\/rskl.se\/sv\/hem\/\">Sverigefinska Riksf\u00f6rbundet<\/a><\/li>\n<\/ul>\n<p><strong>Media<\/strong><\/p>\n<ul>\n<li><a href=\"http:\/\/sverigesradio.se\/sisuradio\/\">Sveriges Radios finska redaktion<\/a><\/li>\n<li><a href=\"http:\/\/svenska.yle.fi\/\">YLE:s svenska redaktion<\/a><\/li>\n<li><a href=\"http:\/\/hbl.fi\/\">Hufvudstadsbladet<\/a><\/li>\n<li><a href=\"http:\/\/www.vasabladet.fi\/\">Vasabladet<\/a><\/li>\n<li><a href=\"http:\/\/www.abounderrattelser.fi\/news\/\">\u00c5bo Underr\u00e4ttelser<\/a><\/li>\n<li><a href=\"http:\/\/vastranyland.fi\/\" target=\"_blank\" rel=\"noopener\">V\u00e4stra Nyland<\/a><\/li>\n<li><a href=\"http:\/\/www.ostnyland.fi\/\" target=\"_blank\" rel=\"noopener\">\u00d6stnyland<\/a><\/li>\n<li><a href=\"http:\/\/www.nytid.fi\/redaktionen\/\">Ny Tid<\/a><\/li>\n<li><a href=\"http:\/\/finland.se\/public\/default.aspx?culture=sv-FI&amp;contentlan=3\">Finlands ambassad i Stockholm<\/a><\/li>\n<\/ul>\n<p><strong>G\u00f6te<\/strong><strong>borg och Finland<\/strong><\/p>\n<ul>\n<li><a href=\"http:\/\/helivandervalk.wordpress.com\/\" target=\"_blank\" rel=\"noopener\">Finlands konsul Heli van der Valk bloggar h\u00e4r<\/a><\/li>\n<li><a href=\"http:\/\/sydaby.eget.net\/swe\/gbg\/goteborg.html\">Fragment av ett finl\u00e4ndskt G\u00f6teborg<\/a><\/li>\n<li><a href=\"http:\/\/www.youtube.com\/watch?v=ttU3nQREjRY&amp;feature=related\">Finska avtryck i Majorna, filmserie fr\u00e5n M\u00e4rkes\u00e5ret 1809<\/a><\/li>\n<li><a href=\"http:\/\/finlandssvenskaforeningen.se\/index.php\">Finlandssvenska f\u00f6reningen i G\u00f6teborg<\/a><\/li>\n<li><a href=\"http:\/\/www.finska.fhsk.se\/index.php\/om-oss\/om-oss\" target=\"_blank\" rel=\"noopener\">M\u00e5ngkulturella finska folkh\u00f6gskolan<\/a><\/li>\n<\/ul>\n\n\n<p><\/p>\n","protected":false},"excerpt":{"rendered":"<p>Flytta till Finland? Finsk-Svenska Handelskammaren Republiken Finlands president Svenska Finlands Folkting Det offentliga \u00c5land Kulturfonden f\u00f6r Sverige och Finland Hanaholmen M\u00e4rkes\u00e5ret 1809 \u00d6sterbotten Riksf\u00f6rbundet Finska Krigsbarn Sverigefinska Riksf\u00f6rbundet Media Sveriges Radios finska redaktion YLE:s svenska redaktion Hufvudstadsbladet Vasabladet \u00c5bo Underr\u00e4ttelser &hellip; <a href=\"http:\/\/finlandsbloggen.se\/?page_id=40\">L\u00e4s mer <span class=\"meta-nav\">&rarr;<\/span><\/a><\/p>\n","protected":false},"author":1,"featured_media":0,"parent":0,"menu_order":0,"comment_status":"open","ping_status":"open","template":"","meta":[],"_links":{"self":[{"href":"http:\/\/finlandsbloggen.se\/index.php?rest_route=\/wp\/v2\/pages\/40"}],"collection":[{"href":"http:\/\/finlandsbloggen.se\/index.php?rest_route=\/wp\/v2\/pages"}],"about":[{"href":"http:\/\/finlandsbloggen.se\/index.php?rest_route=\/wp\/v2\/types\/page"}],"author":[{"embeddable":true,"href":"http:\/\/finlandsbloggen.se\/index.php?rest_route=\/wp\/v2\/users\/1"}],"replies":[{"embeddable":true,"href":"http:\/\/finlandsbloggen.se\/index.php?rest_route=%2Fwp%2Fv2%2Fcomments&post=40"}],"version-history":[{"count":20,"href":"http:\/\/finlandsbloggen.se\/index.php?rest_route=\/wp\/v2\/pages\/40\/revisions"}],"predecessor-version":[{"id":779,"href":"http:\/\/finlandsbloggen.se\/index.php?rest_route=\/wp\/v2\/pages\/40\/revisions\/779"}],"wp:attachment":[{"href":"http:\/\/finlandsbloggen.se\/index.php?rest_route=%2Fwp%2Fv2%2Fmedia&parent=40"}],"curies":[{"name":"wp","href":"https:\/\/api.w.org\/{rel}","templated":true}]}}