{"id":107,"date":"2012-01-22T09:51:04","date_gmt":"2012-01-22T09:51:04","guid":{"rendered":"http:\/\/finlandsbloggen.se\/?page_id=107"},"modified":"2012-01-22T09:51:04","modified_gmt":"2012-01-22T09:51:04","slug":"helsingfors-designhuvudstad-2012","status":"publish","type":"page","link":"http:\/\/finlandsbloggen.se\/?page_id=107","title":{"rendered":"Helsingfors designhuvudstad 2012"},"content":{"rendered":"<p>Mycket v\u00e4lf\u00f6rtj\u00e4nt har Helsingfors blivit utsedd till v\u00e4rldens designhuvudstad 2012. L\u00e4s mer om programf\u00f6rklaring och aktiviteter <a href=\"http:\/\/wdchelsinki2012.fi\/sv\" target=\"_blank\">h\u00e4r<\/a>.<\/p>\n","protected":false},"excerpt":{"rendered":"<p>Mycket v\u00e4lf\u00f6rtj\u00e4nt har Helsingfors blivit utsedd till v\u00e4rldens designhuvudstad 2012. L\u00e4s mer om programf\u00f6rklaring och aktiviteter h\u00e4r.<\/p>\n","protected":false},"author":1,"featured_media":0,"parent":0,"menu_order":0,"comment_status":"open","ping_status":"open","template":"","meta":[],"_links":{"self":[{"href":"http:\/\/finlandsbloggen.se\/index.php?rest_route=\/wp\/v2\/pages\/107"}],"collection":[{"href":"http:\/\/finlandsbloggen.se\/index.php?rest_route=\/wp\/v2\/pages"}],"about":[{"href":"http:\/\/finlandsbloggen.se\/index.php?rest_route=\/wp\/v2\/types\/page"}],"author":[{"embeddable":true,"href":"http:\/\/finlandsbloggen.se\/index.php?rest_route=\/wp\/v2\/users\/1"}],"replies":[{"embeddable":true,"href":"http:\/\/finlandsbloggen.se\/index.php?rest_route=%2Fwp%2Fv2%2Fcomments&post=107"}],"version-history":[{"count":1,"href":"http:\/\/finlandsbloggen.se\/index.php?rest_route=\/wp\/v2\/pages\/107\/revisions"}],"predecessor-version":[{"id":108,"href":"http:\/\/finlandsbloggen.se\/index.php?rest_route=\/wp\/v2\/pages\/107\/revisions\/108"}],"wp:attachment":[{"href":"http:\/\/finlandsbloggen.se\/index.php?rest_route=%2Fwp%2Fv2%2Fmedia&parent=107"}],"curies":[{"name":"wp","href":"https:\/\/api.w.org\/{rel}","templated":true}]}}